{"id":4799,"date":"2016-05-09T16:18:35","date_gmt":"2016-05-09T16:18:35","guid":{"rendered":"http:\/\/korallisvillas.gr\/it\/activities\/"},"modified":"2016-11-21T12:32:28","modified_gmt":"2016-11-21T12:32:28","slug":"activities","status":"publish","type":"page","link":"https:\/\/www.korallisvillas.gr\/it\/activities\/","title":{"rendered":"Attivit\u00e0"},"content":{"rendered":"<div id=\"pl-4799\"  class=\"panel-layout\" ><div id=\"pg-4799-0\"  class=\"panel-grid panel-no-style\" ><div id=\"pgc-4799-0-0\"  class=\"panel-grid-cell\" ><div id=\"panel-4799-0-0-0\" class=\"so-panel widget widget_sow-editor panel-first-child panel-last-child\" data-index=\"0\" ><div class=\"so-widget-sow-editor so-widget-sow-editor-base\">\n<div class=\"siteorigin-widget-tinymce textwidget\">\n\t<p style=\"text-align: center;\">Se durante il vostro soggiorno sull'isola siete interessati a realizzare attivit\u00e0 di turismo alternativo, \u00e8 possibile trovare degli uffici specializzati che offrono la possibilit\u00e0 di<\/p>\n<\/div>\n<\/div><\/div><\/div><\/div><div id=\"pg-4799-1\"  class=\"panel-grid panel-no-style\" ><div id=\"pgc-4799-1-0\"  class=\"panel-grid-cell\" ><div id=\"panel-4799-1-0-0\" class=\"so-panel widget widget_sow-editor panel-first-child panel-last-child\" data-index=\"1\" ><div class=\"so-widget-sow-editor so-widget-sow-editor-base\">\n<div class=\"siteorigin-widget-tinymce textwidget\">\n\t<div class=\"thim-list-in-room\">\n<p style=\"text-align: center;\"><i class=\"thim-color fa fa-check-circle\"><\/i>Scuba diving<\/p>\n<p style=\"text-align: center;\"><i class=\"thim-color fa fa-check-circle\"><\/i>Escursioni con fuoristrada 4x4<\/p>\n<p style=\"text-align: center;\"><i class=\"thim-color fa fa-check-circle\"><\/i>Equitazione al monte Enos<\/p>\n<\/div>\n<\/div>\n<\/div><\/div><\/div><div id=\"pgc-4799-1-1\"  class=\"panel-grid-cell\" ><div id=\"panel-4799-1-1-0\" class=\"so-panel widget widget_sow-editor panel-first-child panel-last-child\" data-index=\"2\" ><div class=\"so-widget-sow-editor so-widget-sow-editor-base\">\n<div class=\"siteorigin-widget-tinymce textwidget\">\n\t<div class=\"thim-list-in-room\">\n<p style=\"text-align: center;\"><i class=\"thim-color fa fa-check-circle\"><\/i>Discesa in un canyon<\/p>\n<\/div>\n<\/div>\n<\/div><\/div><\/div><\/div><div id=\"pg-4799-2\"  class=\"panel-grid panel-no-style\" ><div id=\"pgc-4799-2-0\"  class=\"panel-grid-cell\" ><div id=\"panel-4799-2-0-0\" class=\"so-panel widget widget_sow-editor panel-first-child panel-last-child\" data-index=\"3\" ><div class=\"so-widget-sow-editor so-widget-sow-editor-base\">\n<div class=\"siteorigin-widget-tinymce textwidget\">\n\t<div class=\"epyt-video-wrapper\"><iframe loading=\"lazy\"  style=\"display: block; margin: 0px auto;\"  id=\"_ytid_69602\"  width=\"1170\" height=\"658\"  data-origwidth=\"1170\" data-origheight=\"658\"  src=\"https:\/\/www.youtube.com\/embed\/KAn5gKQkm8s?enablejsapi=1&autoplay=0&cc_load_policy=1&cc_lang_pref=&iv_load_policy=1&loop=0&modestbranding=0&rel=1&fs=1&playsinline=0&autohide=2&theme=dark&color=red&controls=1&\" class=\"__youtube_prefs__  no-lazyload\" data-vol=\"0\"  data-epautoplay=\"1\"  title=\"YouTube player\"  allow=\"autoplay; encrypted-media\" allowfullscreen data-no-lazy=\"1\" data-skipgform_ajax_framebjll=\"\"><\/iframe><\/div>\n<\/div>\n<\/div><\/div><\/div><\/div><div id=\"pg-4799-3\"  class=\"panel-grid panel-no-style\" ><div id=\"pgc-4799-3-0\"  class=\"panel-grid-cell\" ><div id=\"panel-4799-3-0-0\" class=\"so-panel widget widget_sow-editor panel-first-child panel-last-child\" data-index=\"4\" ><div class=\"so-widget-sow-editor so-widget-sow-editor-base\">\n<div class=\"siteorigin-widget-tinymce textwidget\">\n\t<p style=\"text-align: center;\">Per chi \u00e8 interessato a realizzare il proprio matrimonio a Cefalonia, la signora Donna Palimeri pu\u00f2 creare l' atmosfera ideale e magica per un matrimonio da sogno.<\/p>\n<\/div>\n<\/div><\/div><\/div><\/div><\/div>","protected":false},"excerpt":{"rendered":"<p>Se durante il vostro soggiorno sull&#8217;isola siete interessati a realizzare attivit\u00e0 di turismo alternativo, \u00e8 possibile trovare degli uffici specializzati [&hellip;]<\/p>\n","protected":false},"author":1,"featured_media":0,"parent":0,"menu_order":0,"comment_status":"closed","ping_status":"closed","template":"","meta":{"footnotes":""},"yoast_head":"<!-- This site is optimized with the Yoast SEO plugin v16.3 - https:\/\/yoast.com\/wordpress\/plugins\/seo\/ -->\n<title>Attivit\u00e0 - Korallis Villas<\/title>\n<meta name=\"description\" content=\"Scuba diving, Escursioni con fuoristrada 4x4, Equitazione al monte Enos, Discesa in un canyon...\" \/>\n<meta name=\"robots\" content=\"index, follow, max-snippet:-1, max-image-preview:large, max-video-preview:-1\" \/>\n<link rel=\"canonical\" href=\"https:\/\/www.korallisvillas.gr\/it\/activities\/\" \/>\n<meta property=\"og:locale\" content=\"it_IT\" \/>\n<meta property=\"og:type\" content=\"article\" \/>\n<meta property=\"og:title\" content=\"Korallis Villas\" \/>\n<meta property=\"og:description\" content=\"Scuba diving, Escursioni con fuoristrada 4x4, Equitazione al monte Enos, Discesa in un canyon...\" \/>\n<meta property=\"og:url\" content=\"https:\/\/www.korallisvillas.gr\/it\/activities\/\" \/>\n<meta property=\"og:site_name\" content=\"Korallis Villas\" \/>\n<meta property=\"article:modified_time\" content=\"2016-11-21T12:32:28+00:00\" \/>\n<meta name=\"twitter:card\" content=\"summary\" \/>\n<script type=\"application\/ld+json\" class=\"yoast-schema-graph\">{\"@context\":\"https:\/\/schema.org\",\"@graph\":[{\"@type\":\"WebSite\",\"@id\":\"https:\/\/www.korallisvillas.gr\/#website\",\"url\":\"https:\/\/www.korallisvillas.gr\/\",\"name\":\"Korallis Villas\",\"description\":\"Villas in Kefalonia\",\"potentialAction\":[{\"@type\":\"SearchAction\",\"target\":\"https:\/\/www.korallisvillas.gr\/?s={search_term_string}\",\"query-input\":\"required name=search_term_string\"}],\"inLanguage\":\"it-IT\"},{\"@type\":\"WebPage\",\"@id\":\"https:\/\/www.korallisvillas.gr\/it\/activities\/#webpage\",\"url\":\"https:\/\/www.korallisvillas.gr\/it\/activities\/\",\"name\":\"Attivit\\u00e0 - Korallis Villas\",\"isPartOf\":{\"@id\":\"https:\/\/www.korallisvillas.gr\/#website\"},\"datePublished\":\"2016-05-09T16:18:35+00:00\",\"dateModified\":\"2016-11-21T12:32:28+00:00\",\"description\":\"Scuba diving, Escursioni con fuoristrada 4x4, Equitazione al monte Enos, Discesa in un canyon...\",\"breadcrumb\":{\"@id\":\"https:\/\/www.korallisvillas.gr\/it\/activities\/#breadcrumb\"},\"inLanguage\":\"it-IT\",\"potentialAction\":[{\"@type\":\"ReadAction\",\"target\":[\"https:\/\/www.korallisvillas.gr\/it\/activities\/\"]}]},{\"@type\":\"BreadcrumbList\",\"@id\":\"https:\/\/www.korallisvillas.gr\/it\/activities\/#breadcrumb\",\"itemListElement\":[{\"@type\":\"ListItem\",\"position\":1,\"item\":{\"@type\":\"WebPage\",\"@id\":\"https:\/\/www.korallisvillas.gr\/it\/\",\"url\":\"https:\/\/www.korallisvillas.gr\/it\/\",\"name\":\"Home\"}},{\"@type\":\"ListItem\",\"position\":2,\"item\":{\"@id\":\"https:\/\/www.korallisvillas.gr\/it\/activities\/#webpage\"}}]}]}<\/script>\n<!-- \/ Yoast SEO plugin. -->","_links":{"self":[{"href":"https:\/\/www.korallisvillas.gr\/it\/wp-json\/wp\/v2\/pages\/4799"}],"collection":[{"href":"https:\/\/www.korallisvillas.gr\/it\/wp-json\/wp\/v2\/pages"}],"about":[{"href":"https:\/\/www.korallisvillas.gr\/it\/wp-json\/wp\/v2\/types\/page"}],"author":[{"embeddable":true,"href":"https:\/\/www.korallisvillas.gr\/it\/wp-json\/wp\/v2\/users\/1"}],"replies":[{"embeddable":true,"href":"https:\/\/www.korallisvillas.gr\/it\/wp-json\/wp\/v2\/comments?post=4799"}],"version-history":[{"count":4,"href":"https:\/\/www.korallisvillas.gr\/it\/wp-json\/wp\/v2\/pages\/4799\/revisions"}],"predecessor-version":[{"id":5551,"href":"https:\/\/www.korallisvillas.gr\/it\/wp-json\/wp\/v2\/pages\/4799\/revisions\/5551"}],"wp:attachment":[{"href":"https:\/\/www.korallisvillas.gr\/it\/wp-json\/wp\/v2\/media?parent=4799"}],"curies":[{"name":"wp","href":"https:\/\/api.w.org\/{rel}","templated":true}]}}