{"id":4897,"date":"2016-05-09T15:41:12","date_gmt":"2016-05-09T15:41:12","guid":{"rendered":"http:\/\/korallisvillas.gr\/it\/sightseeing\/"},"modified":"2016-11-21T12:12:43","modified_gmt":"2016-11-21T12:12:43","slug":"sightseeing","status":"publish","type":"page","link":"https:\/\/www.korallisvillas.gr\/it\/sightseeing\/","title":{"rendered":"Giro turistico"},"content":{"rendered":"<div id=\"pl-4897\"  class=\"panel-layout\" ><div id=\"pg-4897-0\"  class=\"panel-grid panel-no-style\" ><div id=\"pgc-4897-0-0\"  class=\"panel-grid-cell\" ><div id=\"panel-4897-0-0-0\" class=\"so-panel widget widget_sow-editor panel-first-child panel-last-child\" data-index=\"0\" ><div class=\"so-widget-sow-editor so-widget-sow-editor-base\">\n<div class=\"siteorigin-widget-tinymce textwidget\">\n\t<p>Cefalonia, un'isola dall'indiscutibile fascino, \u00e8 la pi\u00f9 grande fra le Isole Ionie. Molteplici i poli d'attrazione per il visitatore che sceglier\u00e0 l'isola come meta di vacanza: l'imponente Monte Enos con i suoi 1628 metri d'altitudine, le spiagge di una bellezza impareggiabile e tutte diverse tra loro, nonch\u00e9 alcune localit\u00e0 di notevole interesse geologico ed archeologico.<\/p>\n<p>Ecco alcuni dei posti pi\u00f9 caratteristici che vale la pena di visitare e scoprire durante il vostro soggiorno sull'isola:<\/p>\n<div class=\"thim-list-in-room\">\n<p><i class=\"thim-color fa fa-check-circle\"><\/i>Il Castello Veneziano di San Giorgio, costruito nel 1504 e situato sulla cima della collina sopra il villaggio Peratata, a soli 5 minuti dal nostro complesso di ville.<br \/>\n<i class=\"thim-color fa fa-check-circle\"><\/i>Il Castello Veneziano di Assos. Vale la pena di esplorare l'architettura spettacolare della penisola del villaggio.<br \/>\n<i class=\"thim-color fa fa-check-circle\"><\/i>Le straordinarie tombe micenee a Mazarakata.<br \/>\n<i class=\"thim-color fa fa-check-circle\"><\/i>Il Faro appena fuori Fiscardo, una delle mete pi\u00f9 popolari dell'isola.<br \/>\n<i class=\"thim-color fa fa-check-circle\"><\/i>Le terme romane a Sami. Sami \u00e8 il porto da cui si pu\u00f2 prendere il traghetto per l'isola di Itaca.<br \/>\n<i class=\"thim-color fa fa-check-circle\"><\/i>Il Parco Nazionale del monte Enos, creato nel 1962. Lo scopo principale dell'istituzione di questo parco \u00e8 la protezione della specie endemica di abete, nota a molti come l'\u00ababete nero\u00bb.<br \/>\n<i class=\"thim-color fa fa-check-circle\"><\/i>Il Monastero di San Gerasimos, il santo patrono dell'isola.<br \/>\n<i class=\"thim-color fa fa-check-circle\"><\/i>Il Museo Storico ed Archeologico di Argostoli e di Lixouri.<\/p>\n<p>Per gli amanti delle bellezze naturali, e non solo, una visita in barca nelle limpide e cristalline acque blu del Lago sotterraneo Melissani, sar\u00e0 un'esperienza unica ed indimenticabile.<\/p>\n<p>Inoltre, a pochi passi si trova la grotta Drogarati, di bellezza impareggiabile, la quale vi stupir\u00e0 per le numerose stalattiti (pendono dal soffitto) e stalagmiti (si formano a terra). Data la sua ottima acustica, si organizzano molti concerti importanti.<\/p>\n<p>Il Lago sotterraneo Melissani e la grotta Drogarati si trovano nelle vicinanze di Sami.<\/p>\n<\/div>\n<\/div>\n<\/div><\/div><\/div><\/div><\/div>","protected":false},"excerpt":{"rendered":"<p>Cefalonia, un&#8217;isola dall&#8217;indiscutibile fascino, \u00e8 la pi\u00f9 grande fra le Isole Ionie. Molteplici i poli d&#8217;attrazione per il visitatore che [&hellip;]<\/p>\n","protected":false},"author":1,"featured_media":0,"parent":0,"menu_order":0,"comment_status":"closed","ping_status":"closed","template":"","meta":{"footnotes":""},"yoast_head":"<!-- This site is optimized with the Yoast SEO plugin v16.3 - https:\/\/yoast.com\/wordpress\/plugins\/seo\/ -->\n<title>Giro turistico - Korallis Villas<\/title>\n<meta name=\"description\" content=\"Cefalonia, un&#039;isola dall&#039;indiscutibile fascino, \u00e8 la pi\u00f9 grande fra le Isole Ionie. Molteplici i poli d&#039;attrazione per il visitatore che sceglier\u00e0...\" \/>\n<meta name=\"robots\" content=\"index, follow, max-snippet:-1, max-image-preview:large, max-video-preview:-1\" \/>\n<link rel=\"canonical\" href=\"https:\/\/www.korallisvillas.gr\/it\/sightseeing\/\" \/>\n<meta property=\"og:locale\" content=\"it_IT\" \/>\n<meta property=\"og:type\" content=\"article\" \/>\n<meta property=\"og:title\" content=\"Korallis Villas\" \/>\n<meta property=\"og:description\" content=\"Cefalonia, un&#039;isola dall&#039;indiscutibile fascino, \u00e8 la pi\u00f9 grande fra le Isole Ionie. Molteplici i poli d&#039;attrazione per il visitatore che sceglier\u00e0...\" \/>\n<meta property=\"og:url\" content=\"https:\/\/www.korallisvillas.gr\/it\/sightseeing\/\" \/>\n<meta property=\"og:site_name\" content=\"Korallis Villas\" \/>\n<meta property=\"article:modified_time\" content=\"2016-11-21T12:12:43+00:00\" \/>\n<meta name=\"twitter:card\" content=\"summary\" \/>\n<meta name=\"twitter:label1\" content=\"Tempo di lettura stimato\">\n\t<meta name=\"twitter:data1\" content=\"1 minuto\">\n<script type=\"application\/ld+json\" class=\"yoast-schema-graph\">{\"@context\":\"https:\/\/schema.org\",\"@graph\":[{\"@type\":\"WebSite\",\"@id\":\"https:\/\/www.korallisvillas.gr\/#website\",\"url\":\"https:\/\/www.korallisvillas.gr\/\",\"name\":\"Korallis Villas\",\"description\":\"Villas in Kefalonia\",\"potentialAction\":[{\"@type\":\"SearchAction\",\"target\":\"https:\/\/www.korallisvillas.gr\/?s={search_term_string}\",\"query-input\":\"required name=search_term_string\"}],\"inLanguage\":\"it-IT\"},{\"@type\":\"WebPage\",\"@id\":\"https:\/\/www.korallisvillas.gr\/it\/sightseeing\/#webpage\",\"url\":\"https:\/\/www.korallisvillas.gr\/it\/sightseeing\/\",\"name\":\"Giro turistico - Korallis Villas\",\"isPartOf\":{\"@id\":\"https:\/\/www.korallisvillas.gr\/#website\"},\"datePublished\":\"2016-05-09T15:41:12+00:00\",\"dateModified\":\"2016-11-21T12:12:43+00:00\",\"description\":\"Cefalonia, un'isola dall'indiscutibile fascino, \\u00e8 la pi\\u00f9 grande fra le Isole Ionie. Molteplici i poli d'attrazione per il visitatore che sceglier\\u00e0...\",\"breadcrumb\":{\"@id\":\"https:\/\/www.korallisvillas.gr\/it\/sightseeing\/#breadcrumb\"},\"inLanguage\":\"it-IT\",\"potentialAction\":[{\"@type\":\"ReadAction\",\"target\":[\"https:\/\/www.korallisvillas.gr\/it\/sightseeing\/\"]}]},{\"@type\":\"BreadcrumbList\",\"@id\":\"https:\/\/www.korallisvillas.gr\/it\/sightseeing\/#breadcrumb\",\"itemListElement\":[{\"@type\":\"ListItem\",\"position\":1,\"item\":{\"@type\":\"WebPage\",\"@id\":\"https:\/\/www.korallisvillas.gr\/it\/\",\"url\":\"https:\/\/www.korallisvillas.gr\/it\/\",\"name\":\"Home\"}},{\"@type\":\"ListItem\",\"position\":2,\"item\":{\"@id\":\"https:\/\/www.korallisvillas.gr\/it\/sightseeing\/#webpage\"}}]}]}<\/script>\n<!-- \/ Yoast SEO plugin. -->","_links":{"self":[{"href":"https:\/\/www.korallisvillas.gr\/it\/wp-json\/wp\/v2\/pages\/4897"}],"collection":[{"href":"https:\/\/www.korallisvillas.gr\/it\/wp-json\/wp\/v2\/pages"}],"about":[{"href":"https:\/\/www.korallisvillas.gr\/it\/wp-json\/wp\/v2\/types\/page"}],"author":[{"embeddable":true,"href":"https:\/\/www.korallisvillas.gr\/it\/wp-json\/wp\/v2\/users\/1"}],"replies":[{"embeddable":true,"href":"https:\/\/www.korallisvillas.gr\/it\/wp-json\/wp\/v2\/comments?post=4897"}],"version-history":[{"count":5,"href":"https:\/\/www.korallisvillas.gr\/it\/wp-json\/wp\/v2\/pages\/4897\/revisions"}],"predecessor-version":[{"id":5547,"href":"https:\/\/www.korallisvillas.gr\/it\/wp-json\/wp\/v2\/pages\/4897\/revisions\/5547"}],"wp:attachment":[{"href":"https:\/\/www.korallisvillas.gr\/it\/wp-json\/wp\/v2\/media?parent=4897"}],"curies":[{"name":"wp","href":"https:\/\/api.w.org\/{rel}","templated":true}]}}